{"id":10975,"date":"2021-01-11T11:43:58","date_gmt":"2021-01-11T09:43:58","guid":{"rendered":"https:\/\/flowersandlovers.lt\/privacy-policy\/"},"modified":"2025-06-02T21:39:06","modified_gmt":"2025-06-02T19:39:06","slug":"privacy-policy","status":"publish","type":"page","link":"https:\/\/flowersandlovers.lt\/en\/privacy-policy\/","title":{"rendered":"Privacy Policy"},"content":{"rendered":"<div class=\"wpb-content-wrapper\"><p>[vc_row][vc_column][vc_empty_space][\/vc_column][\/vc_row][vc_row][vc_column][vc_column_text]<\/p>\n&#13;\n<ol class=\"wp-block-list\">&#13;\n<li><strong>General provisions<\/strong><\/li>&#13;\n<\/ol>&#13;\n<p>\n1.1. \u0160i privatumo politika reglamentuoja flowersandlovers.lt (MB &#8220;Loversai&#8221;) tinklalapio (toliau \u2013 tinklalapis, tinklalapio administratorius) ir teik\u0117jo (toliau \u2013 J\u016bs, J\u016bs\u0173) pagrindinius asmens duomen\u0173 tvarkymo, saugojimo ir rinkimo tvark\u0105 bei principus, remiantis Lietuvos Respublikos Asmens duomen\u0173 teisin\u0117s apsaugos \u012fstatymu ir kitais teis\u0117s aktais.\r\n<p>\n1.2. Tinklalapyje nurodydami asmenius duomenis, sutinkate, kad tinklapio administratorius juos valdys ir tvarkys \u0161ioje privatumo politikoje tam tikromis priemon\u0117mis ir tikslais pagal teis\u0117s aktuose numatyt\u0105 tvark\u0105.\r\n<p>&nbsp;<\/p>\n&#13;\n<ol class=\"wp-block-list\" start=\"2\">&#13;\n<li><strong>Collection, processing, storage of personal data<\/strong><\/li>&#13;\n<\/ol>&#13;\n<p>\n2.1. Tinklapio administratorius vadovaujasi \u017eemiau pateiktais pagrindiniais asmens duomen\u0173 tvarkymo principais:\r\n<p>\n2.1.1. Asmens duomenys renkami teis\u0117tais ir apibr\u0117\u017etais tikslais.\r\n<p>\n2.1.2. Asmens duomenys saugojami ne ilgiau, nei to reikalauja nustatyti duomen\u0173 tvarkymo tikslai.\r\n<p>\n2.1.3. Asmens duomenis tvarko tik tie \u012fmon\u0117s darbuotojai, kuriems yra suteikta tokia teis\u0117.\r\n<p>\n2.1.4. Visa informacija apie tvarkomus asmenius duomenis yra konfidenciali ir saugoma.\r\n<p>\n2.2.\u00a0 Tinklapio administratorius gerbia kiekvieno J\u016bs\u0173 teis\u0119 \u012f privatum\u0105. J\u016bs\u0173 asmens duomenys (vardas, pavard\u0117, elektroninio pa\u0161to adresas ir kita tinklapio registracijos formoje ar pirkimo metu nurodyta informacija) renkami ir tvarkomi \u0161iems tikslams:\r\n<p>\n2.2.1. informavimui apie veikl\u0105, susijusi\u0105 su prekybos teikimu ir panaudojimu;\r\n<p>\n2.2.2. spr\u0119sti i\u0161kilusius klausimus, susijusius su prekybos vykdymu;\r\n<p>\n2.2.3. vykdyti kitus sutartinius \u012fsipareigojimus;\r\n<p>&nbsp;<\/p>\n&#13;\n<ol class=\"wp-block-list\" start=\"3\">&#13;\n<li><strong>Transfer of personal data to third parties<\/strong><\/li>&#13;\n<\/ol>&#13;\n<p>\n3.1. Asmens duomen\u0173 perdavimas tre\u010diosioms \u0161alims:\r\n<p>\n3.1.2. Pardav\u0117jas turi teis\u0119 perduoti informacij\u0105 tre\u010dioms \u0161alims, tik punkto 2.2. tikslams tvarkyti.\r\n<p>\n3.1.3. Tik Lietuvos Respublikos \u012fstatym\u0173 nustatyta tvarka.\r\n<p>&nbsp;<\/p>\n&#13;\n<ol class=\"wp-block-list\" start=\"4\">&#13;\n<li><strong>Rules for submitting a registration<\/strong><\/li>&#13;\n<\/ol>&#13;\n<p>\n4.1. Registracijos formoje turite pateikti piln\u0105 ir teising\u0105 informacij\u0105 apie save. Kitu atveju, mes pasiliekame teis\u0119 anuliuoti J\u016bs\u0173 registracij\u0105, i\u0161trinti duomenis ar apriboti J\u016bs\u0173 galimybes naudotis tinklapiu ir vykdyti pirkim\u0105.\r\n<p>&nbsp;<\/p>\n&#13;\n<ol class=\"wp-block-list\" start=\"5\">&#13;\n<li><strong>Changing or updating personal data<\/strong><\/li>&#13;\n<\/ol>&#13;\n<p>\n5.1. J\u016bs turite teis\u0119 bet kada keisti ir atnaujinti registracijos formoje pateikt\u0105 informacij\u0105 prane\u0161damas apie tai adresu info@flowersandlovers.lt arba telefonu, nurodytu tinklalapio \u201cKontaktai\u201d skiltyje.\r\n<p>&nbsp;<\/p>\n&#13;\n<ol class=\"wp-block-list\" start=\"6\">&#13;\n<li><strong>Cookies (English cookies)<\/strong><\/li>&#13;\n<\/ol>&#13;\n<p>\n6.1. Informuojame, jog tam, kad gal\u0117tume pasi\u016blyti Jums visavertes paslaugas m\u016bs\u0173 svetain\u0117je, \u012fra\u0161ome informacij\u0105 (slapukus, angl. \u201ecookies\u201c), kuri\u0105 naudosime atpa\u017eindami Jus, kaip ankstesn\u012f svetain\u0117s naudotoj\u0105, rinkdami svetain\u0117s lankomumo statistik\u0105. J\u016bs bet kada galite per\u017ei\u016br\u0117ti, koki\u0105 informacij\u0105 (slapukus) \u012fra\u0161ome, ir galite i\u0161trinti dal\u012f ar visus \u012fra\u0161ytus slapukus. Taip pat turite teis\u0119 nesutikti, kad b\u016bt\u0173 \u012fra\u0161oma ir naudojama informacija (slapukai) J\u016bs\u0173 kompiuteryje (\u012frenginyje), ta\u010diau tokiu atveju kai kurios svetain\u0117s funkcijos Jums gali b\u016bti neprieinamos.\r\n<p>&nbsp;<\/p>\n&#13;\n<ol class=\"wp-block-list\" start=\"7\">&#13;\n<li><strong>Amendment of the Rules and final provisions<\/strong><\/li>&#13;\n<\/ol>&#13;\n<p>\n7.1. Tinklalapio administratorius turi teis\u0119 i\u0161 dalies ar visi\u0161kai pakeisti Privatumo s\u0105lygas apie tai prane\u0161dami tinklalapyje, privatumo politikos skiltyje. Tolimesnis naudojimasis m\u016bs\u0173 tinklapio paslaugomis rei\u0161kia \u0161i\u0173 taisykli\u0173 laikym\u0105si. Visi i\u0161kil\u0119 nesutarimai ir gin\u010dai sprend\u017eiami deryb\u0173 b\u016bdu. Nepavykus susitarti, gin\u010dai sprend\u017eiami pagal Lietuvos Respublikos \u012fstatymus.\r\n<p>\n8.\u00a0<strong>Portalo administracija pasilieka teis\u0119 keisti taisykles.<\/strong>&#13;\n<p>\nJeigu turite klausim\u0173 ar pasi\u016blym\u0173, susisiekite su mumis info@flowersandlovers.lt\r\n<p>&nbsp;<\/p>\n<p>[\/vc_column_text][\/vc_column][\/vc_row][vc_row][vc_column][vc_empty_space][\/vc_column][\/vc_row]<\/p>\n<\/div>","protected":false},"excerpt":{"rendered":"<p>[vc_row][vc_column][vc_empty_space][\/vc_column][\/vc_row][vc_row][vc_column][vc_column_text] &#13; &#13; General provisions &#13; &#13; 1.1. \u0160i privatumo politika reglamentuoja flowersandlovers.lt (MB &#8220;Loversai&#8221;) tinklalapio (toliau \u2013 tinklalapis, tinklalapio administratorius) ir teik\u0117jo (toliau \u2013 J\u016bs, J\u016bs\u0173) pagrindinius asmens duomen\u0173 tvarkymo, saugojimo ir rinkimo tvark\u0105 bei principus, remiantis Lietuvos Respublikos Asmens duomen\u0173 teisin\u0117s apsaugos \u012fstatymu ir kitais teis\u0117s aktais. 1.2. Tinklalapyje nurodydami asmenius duomenis, sutinkate, [&hellip;]<\/p>\n","protected":false},"author":2,"featured_media":0,"parent":0,"menu_order":0,"comment_status":"closed","ping_status":"open","template":"","meta":{"footnotes":""},"class_list":["post-10975","page","type-page","status-publish","hentry"],"aioseo_notices":[],"_links":{"self":[{"href":"https:\/\/flowersandlovers.lt\/en\/wp-json\/wp\/v2\/pages\/10975","targetHints":{"allow":["GET"]}}],"collection":[{"href":"https:\/\/flowersandlovers.lt\/en\/wp-json\/wp\/v2\/pages"}],"about":[{"href":"https:\/\/flowersandlovers.lt\/en\/wp-json\/wp\/v2\/types\/page"}],"author":[{"embeddable":true,"href":"https:\/\/flowersandlovers.lt\/en\/wp-json\/wp\/v2\/users\/2"}],"replies":[{"embeddable":true,"href":"https:\/\/flowersandlovers.lt\/en\/wp-json\/wp\/v2\/comments?post=10975"}],"version-history":[{"count":1,"href":"https:\/\/flowersandlovers.lt\/en\/wp-json\/wp\/v2\/pages\/10975\/revisions"}],"predecessor-version":[{"id":10977,"href":"https:\/\/flowersandlovers.lt\/en\/wp-json\/wp\/v2\/pages\/10975\/revisions\/10977"}],"wp:attachment":[{"href":"https:\/\/flowersandlovers.lt\/en\/wp-json\/wp\/v2\/media?parent=10975"}],"curies":[{"name":"wp","href":"https:\/\/api.w.org\/{rel}","templated":true}]}}